{"id":2064,"date":"2024-02-11T12:22:38","date_gmt":"2024-02-11T12:22:38","guid":{"rendered":"https:\/\/pn27.net\/?page_id=2064"},"modified":"2024-12-15T09:59:52","modified_gmt":"2024-12-15T09:59:52","slug":"services","status":"publish","type":"page","link":"https:\/\/pn27.net\/de\/services\/","title":{"rendered":"Services"},"content":{"rendered":"<div id=\"ut-row-69f772a4a715b\" data-vc-full-width=\"true\" data-vc-full-width-init=\"false\" class=\"vc_row wpb_row vc_row-fluid vc_column-gap-0 ut-row-69f772a4a7167\" ><div class=\"wpb_column vc_column_container vc_col-sm-12\" ><div id=\"ut_inner_column_69f772a4a788b\" class=\"vc_column-inner\" ><div class=\"wpb_wrapper\">\n<style type=\"text\/css\">\n\n    \n        #ut-empty-space-69f772a4a7a88 {\n            height: 40px        }\n\n    \n            @media (min-width: 768px) and (max-width: 1200px) {\n            #ut-empty-space-69f772a4a7a88 {\n                height: 40px;\n                display: block;\n            }\n        }\n    \n    \n        @media (max-width: 767px) {\n            #ut-empty-space-69f772a4a7a88 {\n                height: 40px;\n                display: block;\n            }\n        }\n\n    \n<\/style>\n\n<div class=\"vc_empty_space\" id=\"ut-empty-space-69f772a4a7a88\"><span class=\"vc_empty_space_inner\"><\/span><\/div>\n\t<div class=\"wpb_text_column wpb_content_element\" >\n\t\t<div class=\"wpb_wrapper\">\n\t\t\t<p>Nachfolgenden finden sie einen Auszug aus meinem Portfolio\/F\u00e4higkeiten.\nSollten Sie andere Anforderungen haben, w\u00fcrde ich mich freuen, diese in einem Gespr\u00e4ch mit Ihnen zu kl\u00e4ren.<\/p>\n\n\t\t<\/div>\n\t<\/div>\n<\/div><\/div><\/div><\/div><div class=\"vc_row-full-width vc_clearfix\"><\/div><section id=\"section-it-services\" data-vc-full-width=\"true\" data-vc-full-width-init=\"false\" data-cursor-skin=\"global\" class=\"vc_section ut-vc-120 vc_section-has-fill ut-section-69f772a4a9978\"><div id=\"ut-row-69f772a4aa077\" data-vc-full-width=\"true\" data-vc-full-width-init=\"false\" class=\"vc_row wpb_row vc_row-fluid vc_column-gap-0 ut-row-69f772a4aa07d\" ><div class=\"wpb_column vc_column_container vc_col-sm-4\" ><div id=\"ut_inner_column_69f772a4aa523\" class=\"vc_column-inner\" ><div class=\"wpb_wrapper\"><div  class=\"wpb_content_element   clearfix\"><style type=\"text\/css\">#ut_am_69f772a4aac39 { opacity: 1; }#ut_am_wrap_69f772a4aac3a { text-align: left; }@media (min-width: 768px) and (max-width: 1024px) { #ut_am_wrap_69f772a4aac3a { text-align: left !important; } }@media (max-width: 767px) { #ut_am_wrap_69f772a4aac3a { text-align: center !important; } }<\/style><div id=\"ut_am_wrap_69f772a4aac3a\" class=\"ut-image-gallery-image\"><div id=\"ut_reveal_69f772a4aac3b\"  data-appear-top-offset=\"auto\" class=\"ut-animated-image-item ut-image-gallery-item ut-animation-done\"><a class=\"ut-deactivated-link\" href=\"#\"><div class=\"ut-animated-image-zoom\">\r\n        <div class=\"ut-element-glitch-wrap\">\r\n\r\n            \r\n        <style type=\"text\/css\">\r\n\r\n                        \r\n        @media (min-width: 1025px) {\r\n\r\n        #ut-element-glitch-69f772a4aac73695723016-2087 .ut-glitch-single-element {\r\n                                            \r\n                }\r\n        }\r\n\r\n        @media (min-width: 768px) and (max-width: 1024px) {\r\n\r\n        #ut-element-glitch-69f772a4aac73695723016-2087 .ut-glitch-single-element {\r\n                                                \r\n                    }\r\n        }\r\n\r\n        @media (max-width: 767px) {\r\n\r\n        #ut-element-glitch-69f772a4aac73695723016-2087 .ut-glitch-single-element {\r\n                                                \r\n                    }\r\n        }\r\n\r\n        \r\n        <\/style>\r\n\r\n        \r\n            <div id=\"ut-element-glitch-69f772a4aac73695723016-2087\" class=\"ut-element-glitch ut-glitch-none ut-element-glitch-permanent\">\r\n                <div class=\"ut-glitch-single-element ut-lozad skip-lazy\" data-background-image=\"https:\/\/pn27.net\/wp-content\/uploads\/2024\/02\/teamwork-3213924_1920-1300x867.jpg\"><\/div>\r\n                <div class=\"ut-glitch-single-element ut-lozad skip-lazy\" data-background-image=\"https:\/\/pn27.net\/wp-content\/uploads\/2024\/02\/teamwork-3213924_1920-1300x867.jpg\"><\/div>\r\n                <div class=\"ut-glitch-single-element ut-lozad skip-lazy\" data-background-image=\"https:\/\/pn27.net\/wp-content\/uploads\/2024\/02\/teamwork-3213924_1920-1300x867.jpg\"><\/div>\r\n                <div class=\"ut-glitch-single-element ut-lozad skip-lazy\" data-background-image=\"https:\/\/pn27.net\/wp-content\/uploads\/2024\/02\/teamwork-3213924_1920-1300x867.jpg\"><\/div>\r\n                <div class=\"ut-glitch-single-element ut-lozad skip-lazy\" data-background-image=\"https:\/\/pn27.net\/wp-content\/uploads\/2024\/02\/teamwork-3213924_1920-1300x867.jpg\"><\/div>\r\n            <\/div>\r\n\r\n        <\/div>\r\n\r\n        <img loading=\"lazy\" decoding=\"async\" class=\"ut-lazy skip-lazy ut-animated-image\"  id=\"ut_am_69f772a4aac39\" src=\"data:image\/svg+xml;charset=utf-8,%3Csvg xmlns%3D'http%3A%2F%2Fwww.w3.org%2F2000%2Fsvg' viewBox%3D'0 0 1300 867'%2F%3E\" data-src=\"https:\/\/pn27.net\/wp-content\/uploads\/2024\/02\/teamwork-3213924_1920-1300x867.jpg\" width=\"1300\" height=\"867\" alt=\"\"\/><\/div><\/a><\/div><\/div><\/div><\/div><\/div><\/div><div class=\"wpb_column vc_column_container vc_col-sm-8\" ><div id=\"ut_inner_column_69f772a4aaee1\" class=\"vc_column-inner\" ><div class=\"wpb_wrapper\">\n\t<div class=\"wpb_text_column wpb_content_element\" >\n\t\t<div class=\"wpb_wrapper\">\n\t\t\t<h4>IT-Services<\/h4>\n\n\t\t<\/div>\n\t<\/div>\n\n\t<div class=\"wpb_text_column wpb_content_element\" >\n\t\t<div class=\"wpb_wrapper\">\n\t\t\t<p><strong>Public Cloud<\/strong><\/p>\n<ul>\n<li style=\"list-style-type: none;\">\n<ul>\n<li>Microsoft \/ Office 365 Konfiguration &amp; Administration<\/li>\n<li>AWS configuration &amp; administration<\/li>\n<\/ul>\n<\/li>\n<\/ul>\n<p><strong>onPrem \/ Hybrid<\/strong><\/p>\n<ul>\n<li style=\"list-style-type: none;\">\n<ul>\n<li style=\"list-style-type: none;\">\n<ul>\n<li>L\u00f6sungen f\u00fcr Emailarchivierung<\/li>\n<li>Backup \/ Desaster Recovery L\u00f6sungen<\/li>\n<li>Server \/ Virtualisierungs-Administration<\/li>\n<li>Active Directory Dienste<\/li>\n<li>WAN\/LAN\/Firewall Planung und Implementierung<\/li>\n<\/ul>\n<\/li>\n<\/ul>\n<\/li>\n<\/ul>\n<p><strong>und viele weitere...<\/strong><\/p>\n\n\t\t<\/div>\n\t<\/div>\n<style type=\"text\/css\">#bklyn_btn_69f772a4ab25d .bklyn-btn { border-radius:10px !important; }<\/style><div id=\"bklyn_btn_69f772a4ab25d\" class=\"bklyn-btn-holder  bklyn-btn-center bklyn-btn-tablet-center bklyn-btn-mobile-center\"><a title=\"Home\"   href=\"https:\/\/pn27.net\/de\/#section-contact\" target=\"_self\" class=\"bklyn-btn bklyn-btn-icon-left bklyn-btn-normal\" ><i class=\"fa fa-comments-o\"><\/i><span class=\"ut-btn-text\">Kontakt<\/span><\/a><\/div><\/div><\/div><\/div><\/div><div class=\"vc_row-full-width vc_clearfix\"><\/div><a data-id=\"section-it-services\" class=\"ut-vc-offset-anchor-bottom\" name=\"section-section-it-services\">section-it-services<\/a><style type=\"text\/css\">#section-it-services{background-color: #fafafa !important;} <\/style><\/section><div class=\"vc_row-full-width vc_clearfix\"><\/div><section id=\"section-consulting\" data-vc-full-width=\"true\" data-vc-full-width-init=\"false\" data-cursor-skin=\"global\" class=\"vc_section ut-vc-120 vc_section-has-no-fill ut-section-69f772a4abb37\"><div id=\"ut-row-69f772a4ac0a8\" data-vc-full-width=\"true\" data-vc-full-width-init=\"false\" class=\"vc_row wpb_row vc_row-fluid vc_column-gap-0 ut-row-69f772a4ac0ae\" ><div class=\"wpb_column vc_column_container vc_col-sm-8\" ><div id=\"ut_inner_column_69f772a4ac526\" class=\"vc_column-inner\" ><div class=\"wpb_wrapper\">\n\t<div class=\"wpb_text_column wpb_content_element\" >\n\t\t<div class=\"wpb_wrapper\">\n\t\t\t<h4>Consulting<\/h4>\n\n\t\t<\/div>\n\t<\/div>\n\n\t<div class=\"wpb_text_column wpb_content_element\" >\n\t\t<div class=\"wpb_wrapper\">\n\t\t\t<ul>\n<li>Architektur &amp; Design Ihrer  IT-Infrastructure<\/li>\n<li>Design of your Desaster-Recovery \/ Backup Strategy<\/li>\n<li>Netzwerkplanung (LAN &amp; WAN)<\/li>\n<li>Virtualisierung<\/li>\n<li>OnPrem vs. Cloud<\/li>\n<li>und viele weitere...<\/li>\n<\/ul>\n\n\t\t<\/div>\n\t<\/div>\n<style type=\"text\/css\">#bklyn_btn_69f772a4ac821 .bklyn-btn { border-radius:10px !important; }<\/style><div id=\"bklyn_btn_69f772a4ac821\" class=\"bklyn-btn-holder  bklyn-btn-center bklyn-btn-tablet-center bklyn-btn-mobile-center\"><a title=\"Home\"   href=\"https:\/\/pn27.net\/de\/#section-contact\" target=\"_self\" class=\"bklyn-btn bklyn-btn-icon-left bklyn-btn-normal\" ><i class=\"fa fa-comments-o\"><\/i><span class=\"ut-btn-text\">Kontakt<\/span><\/a><\/div><\/div><\/div><\/div><div class=\"wpb_column vc_column_container vc_col-sm-4\" ><div id=\"ut_inner_column_69f772a4aca86\" class=\"vc_column-inner\" ><div class=\"wpb_wrapper\"><div  class=\"wpb_content_element   clearfix\"><style type=\"text\/css\">#ut_am_69f772a4ad102 { opacity: 1; }#ut_am_wrap_69f772a4ad103 { text-align: left; }@media (min-width: 768px) and (max-width: 1024px) { #ut_am_wrap_69f772a4ad103 { text-align: left !important; } }@media (max-width: 767px) { #ut_am_wrap_69f772a4ad103 { text-align: center !important; } }<\/style><div id=\"ut_am_wrap_69f772a4ad103\" class=\"ut-image-gallery-image\"><div id=\"ut_reveal_69f772a4ad104\"  data-appear-top-offset=\"auto\" class=\"ut-animated-image-item ut-image-gallery-item ut-animation-done\"><a class=\"ut-deactivated-link\" href=\"#\"><div class=\"ut-animated-image-zoom\">\r\n        <div class=\"ut-element-glitch-wrap\">\r\n\r\n            \r\n        <style type=\"text\/css\">\r\n\r\n                        \r\n        @media (min-width: 1025px) {\r\n\r\n        #ut-element-glitch-69f772a4ad11a937947316-2085 .ut-glitch-single-element {\r\n                                            \r\n                }\r\n        }\r\n\r\n        @media (min-width: 768px) and (max-width: 1024px) {\r\n\r\n        #ut-element-glitch-69f772a4ad11a937947316-2085 .ut-glitch-single-element {\r\n                                                \r\n                    }\r\n        }\r\n\r\n        @media (max-width: 767px) {\r\n\r\n        #ut-element-glitch-69f772a4ad11a937947316-2085 .ut-glitch-single-element {\r\n                                                \r\n                    }\r\n        }\r\n\r\n        \r\n        <\/style>\r\n\r\n        \r\n            <div id=\"ut-element-glitch-69f772a4ad11a937947316-2085\" class=\"ut-element-glitch ut-glitch-none ut-element-glitch-permanent\">\r\n                <div class=\"ut-glitch-single-element ut-lozad skip-lazy\" data-background-image=\"https:\/\/pn27.net\/wp-content\/uploads\/2024\/02\/team-4503157_1920-1300x867.jpg\"><\/div>\r\n                <div class=\"ut-glitch-single-element ut-lozad skip-lazy\" data-background-image=\"https:\/\/pn27.net\/wp-content\/uploads\/2024\/02\/team-4503157_1920-1300x867.jpg\"><\/div>\r\n                <div class=\"ut-glitch-single-element ut-lozad skip-lazy\" data-background-image=\"https:\/\/pn27.net\/wp-content\/uploads\/2024\/02\/team-4503157_1920-1300x867.jpg\"><\/div>\r\n                <div class=\"ut-glitch-single-element ut-lozad skip-lazy\" data-background-image=\"https:\/\/pn27.net\/wp-content\/uploads\/2024\/02\/team-4503157_1920-1300x867.jpg\"><\/div>\r\n                <div class=\"ut-glitch-single-element ut-lozad skip-lazy\" data-background-image=\"https:\/\/pn27.net\/wp-content\/uploads\/2024\/02\/team-4503157_1920-1300x867.jpg\"><\/div>\r\n            <\/div>\r\n\r\n        <\/div>\r\n\r\n        <img loading=\"lazy\" decoding=\"async\" class=\"ut-lazy skip-lazy ut-animated-image\"  id=\"ut_am_69f772a4ad102\" src=\"data:image\/svg+xml;charset=utf-8,%3Csvg xmlns%3D'http%3A%2F%2Fwww.w3.org%2F2000%2Fsvg' viewBox%3D'0 0 1300 867'%2F%3E\" data-src=\"https:\/\/pn27.net\/wp-content\/uploads\/2024\/02\/team-4503157_1920-1300x867.jpg\" width=\"1300\" height=\"867\" alt=\"\"\/><\/div><\/a><\/div><\/div><\/div><\/div><\/div><\/div><\/div><div class=\"vc_row-full-width vc_clearfix\"><\/div><a data-id=\"section-consulting\" class=\"ut-vc-offset-anchor-bottom\" name=\"section-section-consulting\">section-consulting<\/a><\/section><div class=\"vc_row-full-width vc_clearfix\"><\/div><section id=\"section-iceland\" data-vc-full-width=\"true\" data-vc-full-width-init=\"false\" data-cursor-skin=\"global\" class=\"vc_section ut-vc-120 vc_section-has-fill ut-section-69f772a4ad9f8\"><div id=\"ut-row-69f772a4ae030\" data-vc-full-width=\"true\" data-vc-full-width-init=\"false\" class=\"vc_row wpb_row vc_row-fluid vc_column-gap-0 ut-row-69f772a4ae036\" ><div class=\"wpb_column vc_column_container vc_col-sm-4\" ><div id=\"ut_inner_column_69f772a4ae459\" class=\"vc_column-inner\" ><div class=\"wpb_wrapper\"><div  class=\"wpb_content_element   clearfix\"><style type=\"text\/css\">#ut_am_69f772a4aea51 { opacity: 1; }#ut_am_wrap_69f772a4aea52 { text-align: left; }@media (min-width: 768px) and (max-width: 1024px) { #ut_am_wrap_69f772a4aea52 { text-align: left !important; } }@media (max-width: 767px) { #ut_am_wrap_69f772a4aea52 { text-align: center !important; } }<\/style><div id=\"ut_am_wrap_69f772a4aea52\" class=\"ut-image-gallery-image\"><div id=\"ut_reveal_69f772a4aea53\"  data-appear-top-offset=\"auto\" class=\"ut-animated-image-item ut-image-gallery-item ut-animation-done\"><a class=\"ut-deactivated-link\" href=\"#\"><div class=\"ut-animated-image-zoom\">\r\n        <div class=\"ut-element-glitch-wrap\">\r\n\r\n            \r\n        <style type=\"text\/css\">\r\n\r\n                        \r\n        @media (min-width: 1025px) {\r\n\r\n        #ut-element-glitch-69f772a4aea67936900904-2081 .ut-glitch-single-element {\r\n                                            \r\n                }\r\n        }\r\n\r\n        @media (min-width: 768px) and (max-width: 1024px) {\r\n\r\n        #ut-element-glitch-69f772a4aea67936900904-2081 .ut-glitch-single-element {\r\n                                                \r\n                    }\r\n        }\r\n\r\n        @media (max-width: 767px) {\r\n\r\n        #ut-element-glitch-69f772a4aea67936900904-2081 .ut-glitch-single-element {\r\n                                                \r\n                    }\r\n        }\r\n\r\n        \r\n        <\/style>\r\n\r\n        \r\n            <div id=\"ut-element-glitch-69f772a4aea67936900904-2081\" class=\"ut-element-glitch ut-glitch-none ut-element-glitch-permanent\">\r\n                <div class=\"ut-glitch-single-element ut-lozad skip-lazy\" data-background-image=\"https:\/\/pn27.net\/wp-content\/uploads\/2024\/02\/20220212_094103-1300x867.jpg\"><\/div>\r\n                <div class=\"ut-glitch-single-element ut-lozad skip-lazy\" data-background-image=\"https:\/\/pn27.net\/wp-content\/uploads\/2024\/02\/20220212_094103-1300x867.jpg\"><\/div>\r\n                <div class=\"ut-glitch-single-element ut-lozad skip-lazy\" data-background-image=\"https:\/\/pn27.net\/wp-content\/uploads\/2024\/02\/20220212_094103-1300x867.jpg\"><\/div>\r\n                <div class=\"ut-glitch-single-element ut-lozad skip-lazy\" data-background-image=\"https:\/\/pn27.net\/wp-content\/uploads\/2024\/02\/20220212_094103-1300x867.jpg\"><\/div>\r\n                <div class=\"ut-glitch-single-element ut-lozad skip-lazy\" data-background-image=\"https:\/\/pn27.net\/wp-content\/uploads\/2024\/02\/20220212_094103-1300x867.jpg\"><\/div>\r\n            <\/div>\r\n\r\n        <\/div>\r\n\r\n        <img loading=\"lazy\" decoding=\"async\" class=\"ut-lazy skip-lazy ut-animated-image\"  id=\"ut_am_69f772a4aea51\" src=\"data:image\/svg+xml;charset=utf-8,%3Csvg xmlns%3D'http%3A%2F%2Fwww.w3.org%2F2000%2Fsvg' viewBox%3D'0 0 1300 867'%2F%3E\" data-src=\"https:\/\/pn27.net\/wp-content\/uploads\/2024\/02\/20220212_094103-1300x867.jpg\" width=\"1300\" height=\"867\" alt=\"\"\/><\/div><\/a><\/div><\/div><\/div><\/div><\/div><\/div><div class=\"wpb_column vc_column_container vc_col-sm-8\" ><div id=\"ut_inner_column_69f772a4aecd1\" class=\"vc_column-inner\" ><div class=\"wpb_wrapper\">\n\t<div class=\"wpb_text_column wpb_content_element\" >\n\t\t<div class=\"wpb_wrapper\">\n\t\t\t<h4>Iceland<\/h4>\n\n\t\t<\/div>\n\t<\/div>\n\n\t<div class=\"wpb_text_column wpb_content_element\" >\n\t\t<div class=\"wpb_wrapper\">\n\t\t\t<ul>\n<li>100% \u00d6kostrom<\/li>\n<li>Perfekte klimatische Bedingungen<\/li>\n<li>Das weltweit sicherste Land<\/li>\n<li>Enormes Einsparungspotenzial<\/li>\n<\/ul>\n<p>Analyse, Consulting, Konzepte und Planung um Ihre Infrastruktur nach Island zu verlagern.<\/p>\n\n\t\t<\/div>\n\t<\/div>\n<style type=\"text\/css\">#bklyn_btn_69f772a4aefbd .bklyn-btn { border-radius:10px !important; }<\/style><div id=\"bklyn_btn_69f772a4aefbd\" class=\"bklyn-btn-holder  bklyn-btn-center bklyn-btn-tablet-center bklyn-btn-mobile-center\"><a title=\"Home\"   href=\"https:\/\/pn27.net\/de\/#section-contact\" target=\"_self\" class=\"bklyn-btn bklyn-btn-icon-left bklyn-btn-normal\" ><i class=\"fa fa-comments-o\"><\/i><span class=\"ut-btn-text\">Kontakt<\/span><\/a><\/div><\/div><\/div><\/div><\/div><div class=\"vc_row-full-width vc_clearfix\"><\/div><a data-id=\"section-iceland\" class=\"ut-vc-offset-anchor-bottom\" name=\"section-section-iceland\">section-iceland<\/a><style type=\"text\/css\">#section-iceland{background-color: #fafafa !important;} <\/style><\/section><div class=\"vc_row-full-width vc_clearfix\"><\/div><section id=\"ut-section-69f772a4af8af\" data-vc-full-width=\"true\" data-vc-full-width-init=\"false\" data-cursor-skin=\"global\" class=\"vc_section ut-vc-120 vc_section-has-no-fill ut-section-69f772a4af8b4\"><div id=\"ut-row-69f772a4afe8c\" data-vc-full-width=\"true\" data-vc-full-width-init=\"false\" class=\"vc_row wpb_row vc_row-fluid vc_column-gap-0 ut-row-69f772a4afe92\" ><div class=\"wpb_column vc_column_container vc_col-sm-12\" ><div id=\"ut_inner_column_69f772a4b02f5\" class=\"vc_column-inner\" ><div class=\"wpb_wrapper\">\n<style type=\"text\/css\">\n\n    \n        #ut-empty-space-69f772a4b04dc {\n            height: 40px        }\n\n    \n            @media (min-width: 768px) and (max-width: 1200px) {\n            #ut-empty-space-69f772a4b04dc {\n                height: 40px;\n                display: block;\n            }\n        }\n    \n    \n        @media (max-width: 767px) {\n            #ut-empty-space-69f772a4b04dc {\n                height: 40px;\n                display: block;\n            }\n        }\n\n    \n<\/style>\n\n<div class=\"vc_empty_space\" id=\"ut-empty-space-69f772a4b04dc\"><span class=\"vc_empty_space_inner\"><\/span><\/div><style type=\"text\/css\">#bklyn_btn_69f772a4b0519 .bklyn-btn { border-radius:10px !important; }<\/style><div id=\"bklyn_btn_69f772a4b0519\" class=\"bklyn-btn-holder  bklyn-btn-center bklyn-btn-tablet-center bklyn-btn-mobile-center\"><a title=\"Jesus Saves\"   href=\"https:\/\/pn27.net\/de\/\" target=\"_self\" class=\"bklyn-btn bklyn-btn-icon-left bklyn-btn-normal\" ><i class=\"fa fa-home\"><\/i><span class=\"ut-btn-text\">Back to home<\/span><\/a><\/div><\/div><\/div><\/div><\/div><div class=\"vc_row-full-width vc_clearfix\"><\/div><a data-id=\"section-without-id\" class=\"ut-vc-offset-anchor-bottom\" name=\"section-without-id\"><\/a><\/section><div class=\"vc_row-full-width vc_clearfix\"><\/div>","protected":false},"excerpt":{"rendered":"#ut-empty-space-69f772a4b2c48 { height: 40px } @media (min-width: 768px) and (max-width: 1200px) { #ut-empty-space-69f772a4b2c48 { height: 40px; display: block; } } @media (max-width: 767px) { #ut-empty-space-69f772a4b2c48 { height: 40px; display: block; } } Below you will find an excerpt from my portfolio\/skills. If you have any other requirements, I would be happy to discuss it with [...]","protected":false},"author":1,"featured_media":0,"parent":0,"menu_order":0,"comment_status":"closed","ping_status":"closed","template":"","meta":{"footnotes":""},"class_list":["post-2064","page","type-page","status-publish","hentry"],"yoast_head":"<!-- This site is optimized with the Yoast SEO plugin v26.7 - https:\/\/yoast.com\/wordpress\/plugins\/seo\/ -->\n<title>Services - pn27<\/title>\n<meta name=\"description\" content=\"Philipp Neubauer - IT-Services, Consulting and Icelandic Datacenter Guidance. Discover a wide range of my individual services for you.\" \/>\n<meta name=\"robots\" content=\"index, follow, max-snippet:-1, max-image-preview:large, max-video-preview:-1\" \/>\n<link rel=\"canonical\" href=\"https:\/\/pn27.net\/de\/services\/\" \/>\n<meta property=\"og:locale\" content=\"de_DE\" \/>\n<meta property=\"og:type\" content=\"article\" \/>\n<meta property=\"og:title\" content=\"Services - pn27\" \/>\n<meta property=\"og:description\" content=\"Philipp Neubauer - IT-Services, Consulting and Icelandic Datacenter Guidance. Discover a wide range of my individual services for you.\" \/>\n<meta property=\"og:url\" content=\"https:\/\/pn27.net\/de\/services\/\" \/>\n<meta property=\"og:site_name\" content=\"pn27\" \/>\n<meta property=\"article:modified_time\" content=\"2024-12-15T09:59:52+00:00\" \/>\n<meta name=\"twitter:card\" content=\"summary_large_image\" \/>\n<meta name=\"twitter:label1\" content=\"Gesch\u00e4tzte Lesezeit\" \/>\n\t<meta name=\"twitter:data1\" content=\"1\u00a0Minute\" \/>\n<script type=\"application\/ld+json\" class=\"yoast-schema-graph\">{\"@context\":\"https:\/\/schema.org\",\"@graph\":[{\"@type\":\"WebPage\",\"@id\":\"https:\/\/pn27.net\/services\/\",\"url\":\"https:\/\/pn27.net\/services\/\",\"name\":\"Services - pn27\",\"isPartOf\":{\"@id\":\"https:\/\/pn27.net\/#website\"},\"datePublished\":\"2024-02-11T12:22:38+00:00\",\"dateModified\":\"2024-12-15T09:59:52+00:00\",\"description\":\"Philipp Neubauer - IT-Services, Consulting and Icelandic Datacenter Guidance. Discover a wide range of my individual services for you.\",\"breadcrumb\":{\"@id\":\"https:\/\/pn27.net\/services\/#breadcrumb\"},\"inLanguage\":\"de\",\"potentialAction\":[{\"@type\":\"ReadAction\",\"target\":[\"https:\/\/pn27.net\/services\/\"]}]},{\"@type\":\"BreadcrumbList\",\"@id\":\"https:\/\/pn27.net\/services\/#breadcrumb\",\"itemListElement\":[{\"@type\":\"ListItem\",\"position\":1,\"name\":\"Home\",\"item\":\"https:\/\/pn27.net\/\"},{\"@type\":\"ListItem\",\"position\":2,\"name\":\"Services\"}]},{\"@type\":\"WebSite\",\"@id\":\"https:\/\/pn27.net\/#website\",\"url\":\"https:\/\/pn27.net\/\",\"name\":\"pn27.net\",\"description\":\"Philipp Neubauer - IT-Services &amp; Consulting\",\"publisher\":{\"@id\":\"https:\/\/pn27.net\/#organization\"},\"potentialAction\":[{\"@type\":\"SearchAction\",\"target\":{\"@type\":\"EntryPoint\",\"urlTemplate\":\"https:\/\/pn27.net\/?s={search_term_string}\"},\"query-input\":{\"@type\":\"PropertyValueSpecification\",\"valueRequired\":true,\"valueName\":\"search_term_string\"}}],\"inLanguage\":\"de\"},{\"@type\":\"Organization\",\"@id\":\"https:\/\/pn27.net\/#organization\",\"name\":\"Philipp Neubauer\",\"url\":\"https:\/\/pn27.net\/\",\"logo\":{\"@type\":\"ImageObject\",\"inLanguage\":\"de\",\"@id\":\"https:\/\/pn27.net\/#\/schema\/logo\/image\/\",\"url\":\"https:\/\/pn27.net\/wp-content\/uploads\/2024\/02\/cropped-Screenshot_2024-01-23_145350-removebg-preview.png\",\"contentUrl\":\"https:\/\/pn27.net\/wp-content\/uploads\/2024\/02\/cropped-Screenshot_2024-01-23_145350-removebg-preview.png\",\"width\":501,\"height\":445,\"caption\":\"Philipp Neubauer\"},\"image\":{\"@id\":\"https:\/\/pn27.net\/#\/schema\/logo\/image\/\"}}]}<\/script>\n<!-- \/ Yoast SEO plugin. -->","yoast_head_json":{"title":"Services - pn27","description":"Philipp Neubauer - IT-Services, Consulting and Icelandic Datacenter Guidance. Discover a wide range of my individual services for you.","robots":{"index":"index","follow":"follow","max-snippet":"max-snippet:-1","max-image-preview":"max-image-preview:large","max-video-preview":"max-video-preview:-1"},"canonical":"https:\/\/pn27.net\/de\/services\/","og_locale":"de_DE","og_type":"article","og_title":"Services - pn27","og_description":"Philipp Neubauer - IT-Services, Consulting and Icelandic Datacenter Guidance. Discover a wide range of my individual services for you.","og_url":"https:\/\/pn27.net\/de\/services\/","og_site_name":"pn27","article_modified_time":"2024-12-15T09:59:52+00:00","twitter_card":"summary_large_image","twitter_misc":{"Gesch\u00e4tzte Lesezeit":"1\u00a0Minute"},"schema":{"@context":"https:\/\/schema.org","@graph":[{"@type":"WebPage","@id":"https:\/\/pn27.net\/services\/","url":"https:\/\/pn27.net\/services\/","name":"Services - pn27","isPartOf":{"@id":"https:\/\/pn27.net\/#website"},"datePublished":"2024-02-11T12:22:38+00:00","dateModified":"2024-12-15T09:59:52+00:00","description":"Philipp Neubauer - IT-Services, Consulting and Icelandic Datacenter Guidance. Discover a wide range of my individual services for you.","breadcrumb":{"@id":"https:\/\/pn27.net\/services\/#breadcrumb"},"inLanguage":"de","potentialAction":[{"@type":"ReadAction","target":["https:\/\/pn27.net\/services\/"]}]},{"@type":"BreadcrumbList","@id":"https:\/\/pn27.net\/services\/#breadcrumb","itemListElement":[{"@type":"ListItem","position":1,"name":"Home","item":"https:\/\/pn27.net\/"},{"@type":"ListItem","position":2,"name":"Services"}]},{"@type":"WebSite","@id":"https:\/\/pn27.net\/#website","url":"https:\/\/pn27.net\/","name":"pn27.net","description":"Philipp Neubauer - IT-Services &amp; Consulting","publisher":{"@id":"https:\/\/pn27.net\/#organization"},"potentialAction":[{"@type":"SearchAction","target":{"@type":"EntryPoint","urlTemplate":"https:\/\/pn27.net\/?s={search_term_string}"},"query-input":{"@type":"PropertyValueSpecification","valueRequired":true,"valueName":"search_term_string"}}],"inLanguage":"de"},{"@type":"Organization","@id":"https:\/\/pn27.net\/#organization","name":"Philipp Neubauer","url":"https:\/\/pn27.net\/","logo":{"@type":"ImageObject","inLanguage":"de","@id":"https:\/\/pn27.net\/#\/schema\/logo\/image\/","url":"https:\/\/pn27.net\/wp-content\/uploads\/2024\/02\/cropped-Screenshot_2024-01-23_145350-removebg-preview.png","contentUrl":"https:\/\/pn27.net\/wp-content\/uploads\/2024\/02\/cropped-Screenshot_2024-01-23_145350-removebg-preview.png","width":501,"height":445,"caption":"Philipp Neubauer"},"image":{"@id":"https:\/\/pn27.net\/#\/schema\/logo\/image\/"}}]}},"_links":{"self":[{"href":"https:\/\/pn27.net\/de\/wp-json\/wp\/v2\/pages\/2064","targetHints":{"allow":["GET"]}}],"collection":[{"href":"https:\/\/pn27.net\/de\/wp-json\/wp\/v2\/pages"}],"about":[{"href":"https:\/\/pn27.net\/de\/wp-json\/wp\/v2\/types\/page"}],"author":[{"embeddable":true,"href":"https:\/\/pn27.net\/de\/wp-json\/wp\/v2\/users\/1"}],"replies":[{"embeddable":true,"href":"https:\/\/pn27.net\/de\/wp-json\/wp\/v2\/comments?post=2064"}],"version-history":[{"count":0,"href":"https:\/\/pn27.net\/de\/wp-json\/wp\/v2\/pages\/2064\/revisions"}],"wp:attachment":[{"href":"https:\/\/pn27.net\/de\/wp-json\/wp\/v2\/media?parent=2064"}],"curies":[{"name":"wp","href":"https:\/\/api.w.org\/{rel}","templated":true}]}}